{"id":21,"date":"2023-08-28T08:40:18","date_gmt":"2023-08-28T06:40:18","guid":{"rendered":"https:\/\/triviso.schwarz-matt-dev.com\/?page_id=21"},"modified":"2026-03-24T08:20:09","modified_gmt":"2026-03-24T07:20:09","slug":"mentions-legales","status":"publish","type":"page","link":"https:\/\/triviso.com\/fr\/rechtliches\/impressum\/","title":{"rendered":"Mentions l\u00e9gales"},"content":{"rendered":"<div data-elementor-type=\"wp-page\" data-elementor-id=\"21\" class=\"elementor elementor-21\" data-elementor-post-type=\"page\">\n\t\t\t\t<div class=\"elementor-element elementor-element-61ca9cf wrapper e-flex e-con-boxed e-con e-parent\" data-id=\"61ca9cf\" data-element_type=\"container\" data-e-type=\"container\">\n\t\t\t\t\t<div class=\"e-con-inner\">\n\t\t\t\t<div class=\"elementor-element elementor-element-f450972 elementor-widget elementor-widget-heading\" data-id=\"f450972\" data-element_type=\"widget\" data-e-type=\"widget\" data-widget_type=\"heading.default\">\n\t\t\t\t<div class=\"elementor-widget-container\">\n\t\t\t\t\t<h1 class=\"elementor-heading-title elementor-size-default\">Mentions l\u00e9gales<\/h1>\t\t\t\t<\/div>\n\t\t\t\t<\/div>\n\t\t\t\t<div class=\"elementor-element elementor-element-435e20d elementor-widget elementor-widget-text-editor\" data-id=\"435e20d\" data-element_type=\"widget\" data-e-type=\"widget\" data-widget_type=\"text-editor.default\">\n\t\t\t\t<div class=\"elementor-widget-container\">\n\t\t\t\t\t\t\t\t\t<div class=\"col-xs-12 col-sm-3 col-md-4 c7n-content-tpl\"><h2>Triviso SA<\/h2><p>8, rue de la Gare centrale<br \/>4500 Soleure<\/p><p><a class=\"c7n-phone\" href=\"https:\/\/www.triviso.ch\/de-DE\/+41%2032%20628%2020%2080\" target=\"_blank\" rel=\"noopener\">+41 32 628 20 80<\/a><br \/><a class=\"c7n-email\" href=\"mailto:info@triviso.ch\">info@triviso.ch<\/a>\u00a0<\/p><h3>Direction<\/h3><p>Stefan Cotting<br \/>Mathieu Fellay<br \/>Patrick Gafner<br \/>Walter Reusser<\/p><h3>Informations sur la soci\u00e9t\u00e9<\/h3><p>Num\u00e9ro d'identification fiscale CHE-107.476.798\u00a0<\/p><\/div><div class=\"col-xs-12 col-sm-3 col-md-4 c7n-content-tpl\"><h2>Triviso GmbH<\/h2><p>Gerberau 44<br \/>79098 Fribourg<\/p><p><a class=\"c7n-phone\" href=\"tel:+41 32 628 20 80\">+49761 1379 7800<\/a><br \/><a class=\"c7n-email\" href=\"mailto:info@triviso.de\">info@triviso.de<\/a>\u00a0<\/p><h3>Direction<\/h3><p>Moritz Schneider<\/p><h3>Informations sur la soci\u00e9t\u00e9<\/h3><p>Registre du commerce : HRB Freiburg - 717304<br \/>Num\u00e9ro d'identification fiscale DE315940116<\/p><\/div><div class=\"col-xs-12 col-sm-3 col-md-4 c7n-content-tpl\"><h2>Triviso GmbH<\/h2><p>Place Gilm 2<br \/>39031 Brunico<\/p><p><a class=\"c7n-phone\" href=\"tel:+39 0474 646230\">+39 0474 646230<\/a><br \/><a class=\"c7n-email\" href=\"mailto:info@triviso.it\">info@triviso.it<\/a>\u00a0<\/p><h3>Direction<\/h3><p>Thomas Klammer<\/p><h3>Informations sur la soci\u00e9t\u00e9<\/h3><p>Inscrite au registre du commerce de Bolzano sous le num\u00e9ro<br \/>N\u00b0 BZ - 231748<\/p><p>C.F. - P.IVA : IT03096050210<\/p><p>Capital social de 10000 euros enti\u00e8rement vers\u00e9.<\/p><p>Soci\u00e9t\u00e9 \u00e0 associ\u00e9 unique.<\/p><p>La soci\u00e9t\u00e9 est soumise \u00e0 la direction et \u00e0 la coordination conform\u00e9ment aux articles 2497 et suivants du Code civil. CCS de Triviso SA<\/p><p>PEC :\u00a0<a href=\"mailto:triviso@legalmail.it\">triviso@legalmail.it<\/a><\/p><\/div><div class=\"col-xs-12 col-md-12 c7n-content-tpl\"><h3>Droit d'auteur \u00a9<\/h3><p>Triviso met \u00e0 disposition sur Internet des informations provenant de ses propres sources et de sources externes. Les contenus de l'offre web de Triviso sont prot\u00e9g\u00e9s par les droits d'auteur en vigueur. L'offre web de Triviso ne peut pas \u00eatre modifi\u00e9e, transmise, diffus\u00e9e, copi\u00e9e en m\u00e9moire ou republi\u00e9e sans l'accord de Triviso. Des liens vers la page d'accueil de Triviso peuvent \u00eatre cr\u00e9\u00e9s.<\/p><h3>Clause de non-responsabilit\u00e9 (\u201eDisclaimer\u201c)<\/h3><p>Triviso n'offre aucune garantie quant aux informations qu'elle met \u00e0 disposition sur Internet. Elle n'est en aucun cas responsable des pertes ou dommages qui pourraient r\u00e9sulter de l'utilisation et de la consultation du site web de Triviso ou des liens vers d'autres sites web. Cette exclusion de responsabilit\u00e9 s'applique en particulier \u00e0 l'actualit\u00e9, \u00e0 l'exactitude, \u00e0 la validit\u00e9 et \u00e0 la disponibilit\u00e9 des informations.<\/p><h3>Protection des donn\u00e9es (\u201ePrivacy\u201c)<\/h3><p>La transmission de donn\u00e9es personnelles via Internet se fait \u00e0 vos propres risques. Vos donn\u00e9es sont trait\u00e9es par Triviso conform\u00e9ment \u00e0 leur destination et de mani\u00e8re confidentielle. Elles ne sont notamment pas transmises \u00e0 des tiers. En outre, il est fait r\u00e9f\u00e9rence aux lois en vigueur\u00a0<a href=\"https:\/\/www.triviso.ch\/de-CH\/Unternehmen\/Rechtliches\/Datenschutz\" target=\"_blank\" rel=\"noopener\">Politique de confidentialit\u00e9<\/a>\u00a0a \u00e9t\u00e9 signal\u00e9e.<\/p><\/div>\t\t\t\t\t\t\t\t<\/div>\n\t\t\t\t<\/div>\n\t\t\t\t\t<\/div>\n\t\t\t\t<\/div>\n\t\t\t\t<\/div>","protected":false},"excerpt":{"rendered":"<p>Impressum Triviso AG Hauptbahnhofstrasse 84500 Solothurn +41 32 628 20 80info@triviso.ch\u00a0 Gesch\u00e4ftsf\u00fchrung Stefan CottingMathieu FellayPatrick GafnerWalter Reusser Firmeninformationen UID-Nr. CHE-107.476.798\u00a0 Triviso GmbH Gerberau 4479098 Freiburg +49761 1379 7800info@triviso.de\u00a0 Gesch\u00e4ftsf\u00fchrung Moritz Schneider Firmeninformationen Handelsregister: HRB Freiburg &#8211; 717304UID-Nr. DE315940116 Triviso GmbH Gilmplatz 239031 Bruneck +39 0474 646230info@triviso.it\u00a0 Gesch\u00e4ftsf\u00fchrung Thomas Klammer Firmeninformationen Eingetragen im Handelsregister Bozen unter [&hellip;]<\/p>\n","protected":false},"author":4,"featured_media":0,"parent":4828,"menu_order":0,"comment_status":"closed","ping_status":"closed","template":"elementor_header_footer","meta":{"footnotes":""},"class_list":["post-21","page","type-page","status-publish","hentry"],"_links":{"self":[{"href":"https:\/\/triviso.com\/fr\/wp-json\/wp\/v2\/pages\/21","targetHints":{"allow":["GET"]}}],"collection":[{"href":"https:\/\/triviso.com\/fr\/wp-json\/wp\/v2\/pages"}],"about":[{"href":"https:\/\/triviso.com\/fr\/wp-json\/wp\/v2\/types\/page"}],"author":[{"embeddable":true,"href":"https:\/\/triviso.com\/fr\/wp-json\/wp\/v2\/users\/4"}],"replies":[{"embeddable":true,"href":"https:\/\/triviso.com\/fr\/wp-json\/wp\/v2\/comments?post=21"}],"version-history":[{"count":10,"href":"https:\/\/triviso.com\/fr\/wp-json\/wp\/v2\/pages\/21\/revisions"}],"predecessor-version":[{"id":5582,"href":"https:\/\/triviso.com\/fr\/wp-json\/wp\/v2\/pages\/21\/revisions\/5582"}],"up":[{"embeddable":true,"href":"https:\/\/triviso.com\/fr\/wp-json\/wp\/v2\/pages\/4828"}],"wp:attachment":[{"href":"https:\/\/triviso.com\/fr\/wp-json\/wp\/v2\/media?parent=21"}],"curies":[{"name":"wp","href":"https:\/\/api.w.org\/{rel}","templated":true}]}}